{"id":7782,"date":"2021-10-28T08:57:16","date_gmt":"2021-10-28T07:57:16","guid":{"rendered":"https:\/\/the7.io\/business-advisors\/?page_id=7782"},"modified":"2023-01-03T10:02:51","modified_gmt":"2023-01-03T09:02:51","slug":"articles","status":"publish","type":"page","link":"https:\/\/elzbietazarychta.realizacjewww.pl\/?page_id=7782","title":{"rendered":"Wpisy"},"content":{"rendered":"\t\t<div data-elementor-type=\"wp-page\" data-elementor-id=\"7782\" class=\"elementor elementor-7782\">\n\t\t\t\t\t\t\t\t\t<section class=\"elementor-section elementor-top-section elementor-element elementor-element-3b116a3 elementor-section-height-min-height elementor-section-items-stretch elementor-section-content-middle elementor-section-boxed elementor-section-height-default\" data-id=\"3b116a3\" data-element_type=\"section\" data-settings=\"{&quot;background_background&quot;:&quot;classic&quot;}\">\n\t\t\t\t\t\t<div class=\"elementor-container elementor-column-gap-wider\">\n\t\t\t\t\t<div class=\"elementor-column elementor-col-100 elementor-top-column elementor-element elementor-element-e844b8c\" data-id=\"e844b8c\" data-element_type=\"column\" data-settings=\"{&quot;background_background&quot;:&quot;classic&quot;}\">\n\t\t\t<div class=\"elementor-widget-wrap elementor-element-populated\">\n\t\t\t\t\t\t\t\t<div class=\"elementor-element elementor-element-164dcac image-vertical-align-center img-align-mobile-top img-align-right slide-h-position-mobile-center icon-box-vertical-align-top slide-h-position-left elementor-widget elementor-widget-the7-elements-simple-posts\" data-id=\"164dcac\" data-element_type=\"widget\" data-widget_type=\"the7-elements-simple-posts.default\">\n\t\t\t\t<div class=\"elementor-widget-container\">\n\t\t\t<div class=\"the7-simple-widget-posts the7-elementor-widget the7-elements-simple-posts-164dcac\" data-post-limit=\"-1\" data-pagination-mode=\"standard\" data-scroll-offset=\"\">\t\t\t<div class=\"dt-css-grid custom-pagination-handler\" data-columns=\"{&quot;d&quot;:3,&quot;t&quot;:1,&quot;p&quot;:1,&quot;wd&quot;:&quot;&quot;}\">\n\t\t\t\t\t\t\t\t\t<div class=\"wf-cell visible \">\n\t\t\t\t\t\t<article class=\"post visible wrapper post-11315 type-post status-publish format-standard has-post-thumbnail hentry category-bez-kategorii category-1 description-off\">\n\n\t\t\t\t\t\t\t<div class=\"post-content-wrapper\">\n\t\t\t\t\t\t\t\t\t\t\t\t\t\t\t\t\t<div class=\"the7-simple-post-thumb\">\n\t\t\t\t\t\t\t\t\t\t<a href=\"https:\/\/elzbietazarychta.realizacjewww.pl\/?p=11315\" class=\"post-thumbnail-rollover img-ratio-wrapper layzr-bg\" aria-label=\"Post image\"><img loading=\"lazy\" decoding=\"async\" class=\"preload-me lazy-load\" src=\"data:image\/svg+xml,%3Csvg%20xmlns%3D&#39;http%3A%2F%2Fwww.w3.org%2F2000%2Fsvg&#39;%20viewBox%3D&#39;0%200%201500%201000&#39;%2F%3E\" data-src=\"https:\/\/elzbietazarychta.realizacjewww.pl\/wp-content\/uploads\/2020\/04\/ba-006.jpg\" data-srcset=\"https:\/\/elzbietazarychta.realizacjewww.pl\/wp-content\/uploads\/2020\/04\/ba-006.jpg 1500w\" alt=\"\" title=\"ba-006\" width=\"1500\" height=\"1000\"  \/><span class=\"the7-hover-icon\"><i aria-hidden=\"true\" class=\"feather feather-more-horizontal\"><\/i><\/span><\/a>\t\t\t\t\t\t\t\t\t<\/div>\n\t\t\t\t\t\t\t\t\t\t\t\t\t\t\t\t<div class=\"post-entry-content\">\n\t\t\t\t\t\t\t\t\t<h5 class=\"heading\"><a href=\"https:\/\/elzbietazarychta.realizacjewww.pl\/?p=11315\" rel=\"bookmark\" title=\"Infekcje intymne u dziewczynek\" class=\"post-title\">Infekcje intymne u dziewczynek<\/a><\/h5><div class=\"entry-meta\"><span class=\"meta-item category-link\"><span>Bez kategorii<\/span><\/span><\/div>\t\t\t\t\t\t\t\t<\/div>\n\t\t\t\t\t\t\t<\/div>\n\t\t\t\t\t\t<\/article>\n\t\t\t\t\t<\/div>\t\t\t\t\t\t\t\t\t\t<div class=\"wf-cell visible \">\n\t\t\t\t\t\t<article class=\"post visible wrapper post-1445 type-post status-publish format-standard has-post-thumbnail hentry category-bez-kategorii category-1 description-off\">\n\n\t\t\t\t\t\t\t<div class=\"post-content-wrapper\">\n\t\t\t\t\t\t\t\t\t\t\t\t\t\t\t\t\t<div class=\"the7-simple-post-thumb\">\n\t\t\t\t\t\t\t\t\t\t<a href=\"https:\/\/elzbietazarychta.realizacjewww.pl\/?p=1445\" class=\"post-thumbnail-rollover img-ratio-wrapper layzr-bg\" aria-label=\"Post image\"><img loading=\"lazy\" decoding=\"async\" class=\"preload-me lazy-load\" src=\"data:image\/svg+xml,%3Csvg%20xmlns%3D&#39;http%3A%2F%2Fwww.w3.org%2F2000%2Fsvg&#39;%20viewBox%3D&#39;0%200%201500%201000&#39;%2F%3E\" data-src=\"https:\/\/elzbietazarychta.realizacjewww.pl\/wp-content\/uploads\/2020\/04\/ba-006.jpg\" data-srcset=\"https:\/\/elzbietazarychta.realizacjewww.pl\/wp-content\/uploads\/2020\/04\/ba-006.jpg 1500w\" alt=\"\" title=\"ba-006\" width=\"1500\" height=\"1000\"  \/><span class=\"the7-hover-icon\"><i aria-hidden=\"true\" class=\"feather feather-more-horizontal\"><\/i><\/span><\/a>\t\t\t\t\t\t\t\t\t<\/div>\n\t\t\t\t\t\t\t\t\t\t\t\t\t\t\t\t<div class=\"post-entry-content\">\n\t\t\t\t\t\t\t\t\t<h5 class=\"heading\"><a href=\"https:\/\/elzbietazarychta.realizacjewww.pl\/?p=1445\" rel=\"bookmark\" title=\"Pierwsza wizyta u ginekologa\" class=\"post-title\">Pierwsza wizyta u ginekologa<\/a><\/h5><div class=\"entry-meta\"><span class=\"meta-item category-link\"><span>Bez kategorii<\/span><\/span><\/div>\t\t\t\t\t\t\t\t<\/div>\n\t\t\t\t\t\t\t<\/div>\n\t\t\t\t\t\t<\/article>\n\t\t\t\t\t<\/div>\t\t\t\t\t\t\t\t\t\t<div class=\"wf-cell visible \">\n\t\t\t\t\t\t<article class=\"post visible wrapper post-281 type-post status-publish format-standard has-post-thumbnail hentry category-bez-kategorii tag-featured category-1 description-off\">\n\n\t\t\t\t\t\t\t<div class=\"post-content-wrapper\">\n\t\t\t\t\t\t\t\t\t\t\t\t\t\t\t\t\t<div class=\"the7-simple-post-thumb\">\n\t\t\t\t\t\t\t\t\t\t<a href=\"https:\/\/elzbietazarychta.realizacjewww.pl\/?p=281\" class=\"post-thumbnail-rollover img-ratio-wrapper layzr-bg\" aria-label=\"Post image\"><img loading=\"lazy\" decoding=\"async\" class=\"preload-me lazy-load\" src=\"data:image\/svg+xml,%3Csvg%20xmlns%3D&#39;http%3A%2F%2Fwww.w3.org%2F2000%2Fsvg&#39;%20viewBox%3D&#39;0%200%201500%201000&#39;%2F%3E\" data-src=\"https:\/\/elzbietazarychta.realizacjewww.pl\/wp-content\/uploads\/2020\/04\/ba-006.jpg\" data-srcset=\"https:\/\/elzbietazarychta.realizacjewww.pl\/wp-content\/uploads\/2020\/04\/ba-006.jpg 1500w\" alt=\"\" title=\"ba-006\" width=\"1500\" height=\"1000\"  \/><span class=\"the7-hover-icon\"><i aria-hidden=\"true\" class=\"feather feather-more-horizontal\"><\/i><\/span><\/a>\t\t\t\t\t\t\t\t\t<\/div>\n\t\t\t\t\t\t\t\t\t\t\t\t\t\t\t\t<div class=\"post-entry-content\">\n\t\t\t\t\t\t\t\t\t<h5 class=\"heading\"><a href=\"https:\/\/elzbietazarychta.realizacjewww.pl\/?p=281\" rel=\"bookmark\" title=\"Bolesne miesi\u0105czkowanie\" class=\"post-title\">Bolesne miesi\u0105czkowanie<\/a><\/h5><div class=\"entry-meta\"><span class=\"meta-item category-link\"><span>Bez kategorii<\/span><\/span><\/div>\t\t\t\t\t\t\t\t<\/div>\n\t\t\t\t\t\t\t<\/div>\n\t\t\t\t\t\t<\/article>\n\t\t\t\t\t<\/div>\t\t\t\t\t\t\t\t\t\t<div class=\"wf-cell visible \">\n\t\t\t\t\t\t<article class=\"post visible wrapper post-728 type-post status-publish format-standard has-post-thumbnail hentry category-bez-kategorii tag-blog tag-business tag-corporate tag-featured tag-wordpres category-1 description-off\">\n\n\t\t\t\t\t\t\t<div class=\"post-content-wrapper\">\n\t\t\t\t\t\t\t\t\t\t\t\t\t\t\t\t\t<div class=\"the7-simple-post-thumb\">\n\t\t\t\t\t\t\t\t\t\t<a href=\"https:\/\/elzbietazarychta.realizacjewww.pl\/?p=728\" class=\"post-thumbnail-rollover img-ratio-wrapper layzr-bg\" aria-label=\"Post image\"><img loading=\"lazy\" decoding=\"async\" class=\"preload-me lazy-load\" src=\"data:image\/svg+xml,%3Csvg%20xmlns%3D&#39;http%3A%2F%2Fwww.w3.org%2F2000%2Fsvg&#39;%20viewBox%3D&#39;0%200%201500%201000&#39;%2F%3E\" data-src=\"https:\/\/elzbietazarychta.realizacjewww.pl\/wp-content\/uploads\/2020\/04\/ba-006.jpg\" data-srcset=\"https:\/\/elzbietazarychta.realizacjewww.pl\/wp-content\/uploads\/2020\/04\/ba-006.jpg 1500w\" alt=\"\" title=\"ba-006\" width=\"1500\" height=\"1000\"  \/><span class=\"the7-hover-icon\"><i aria-hidden=\"true\" class=\"feather feather-more-horizontal\"><\/i><\/span><\/a>\t\t\t\t\t\t\t\t\t<\/div>\n\t\t\t\t\t\t\t\t\t\t\t\t\t\t\t\t<div class=\"post-entry-content\">\n\t\t\t\t\t\t\t\t\t<h5 class=\"heading\"><a href=\"https:\/\/elzbietazarychta.realizacjewww.pl\/?p=728\" rel=\"bookmark\" title=\"Antykoncepcja dla nastolatek\" class=\"post-title\">Antykoncepcja dla nastolatek<\/a><\/h5><div class=\"entry-meta\"><span class=\"meta-item category-link\"><span>Bez kategorii<\/span><\/span><\/div>\t\t\t\t\t\t\t\t<\/div>\n\t\t\t\t\t\t\t<\/div>\n\t\t\t\t\t\t<\/article>\n\t\t\t\t\t<\/div>\t\t\t\t\t\t\t\t<\/div>\n\t\t<\/div>\t\t<\/div>\n\t\t\t\t<\/div>\n\t\t\t\t\t<\/div>\n\t\t<\/div>\n\t\t\t\t\t\t\t<\/div>\n\t\t<\/section>\n\t\t\t\t\t\t\t<\/div>\n\t\t","protected":false},"excerpt":{"rendered":"<p>Ginekologia dzieci\u0119ca i dziewcz\u0119ca Bez kategorii Ginekologia dzieci\u0119ca i dziewcz\u0119ca 2 Bez kategorii Ginekologia dzieci\u0119ca i dziewcz\u0119ca 3 Bez kategorii<\/p>\n","protected":false},"author":1,"featured_media":0,"parent":0,"menu_order":30,"comment_status":"closed","ping_status":"closed","template":"","meta":{"footnotes":""},"class_list":["post-7782","page","type-page","status-publish","hentry","category-1","description-off"],"_links":{"self":[{"href":"https:\/\/elzbietazarychta.realizacjewww.pl\/index.php?rest_route=\/wp\/v2\/pages\/7782","targetHints":{"allow":["GET"]}}],"collection":[{"href":"https:\/\/elzbietazarychta.realizacjewww.pl\/index.php?rest_route=\/wp\/v2\/pages"}],"about":[{"href":"https:\/\/elzbietazarychta.realizacjewww.pl\/index.php?rest_route=\/wp\/v2\/types\/page"}],"author":[{"embeddable":true,"href":"https:\/\/elzbietazarychta.realizacjewww.pl\/index.php?rest_route=\/wp\/v2\/users\/1"}],"replies":[{"embeddable":true,"href":"https:\/\/elzbietazarychta.realizacjewww.pl\/index.php?rest_route=%2Fwp%2Fv2%2Fcomments&post=7782"}],"version-history":[{"count":7,"href":"https:\/\/elzbietazarychta.realizacjewww.pl\/index.php?rest_route=\/wp\/v2\/pages\/7782\/revisions"}],"predecessor-version":[{"id":11277,"href":"https:\/\/elzbietazarychta.realizacjewww.pl\/index.php?rest_route=\/wp\/v2\/pages\/7782\/revisions\/11277"}],"wp:attachment":[{"href":"https:\/\/elzbietazarychta.realizacjewww.pl\/index.php?rest_route=%2Fwp%2Fv2%2Fmedia&parent=7782"}],"curies":[{"name":"wp","href":"https:\/\/api.w.org\/{rel}","templated":true}]}}